{"id":807,"date":"2020-12-29T09:47:37","date_gmt":"2020-12-29T08:47:37","guid":{"rendered":"http:\/\/cg-architecte.fr\/?page_id=807"},"modified":"2020-12-29T10:08:34","modified_gmt":"2020-12-29T09:08:34","slug":"liens-partenaires-institutionnels","status":"publish","type":"page","link":"http:\/\/cg-architecte.fr\/index.php\/liens-partenaires-institutionnels\/","title":{"rendered":"Liens"},"content":{"rendered":"\n<div class=\"wp-block-columns\">\n<div class=\"wp-block-column\">\n<p>Vous pouvez me retrouver ici et l\u00e0, et retrouver des informations r\u00e9glementaires sur la construction et les aides financi\u00e8res \u00e0 la r\u00e9novation :\u00a0<\/p>\n<\/div>\n<\/div>\n\n\n\n<h2>Liens de institutionnels<\/h2>\n\n\n\n<div class=\"wp-block-columns\">\n<div class=\"wp-block-column\">\n<figure class=\"wp-block-image size-large\"><a href=\"https:\/\/www.architectes.org\/bretagne\" target=\"_blank\" rel=\"noopener\"><img loading=\"lazy\" width=\"371\" height=\"105\" src=\"http:\/\/cg-architecte.fr\/wp-content\/uploads\/2020\/12\/Logo-CROA.jpg\" alt=\"https:\/\/www.architectes.org\/bretagne\" class=\"wp-image-785\" title=\"site officiel de l'ordre des architectes\" srcset=\"http:\/\/cg-architecte.fr\/wp-content\/uploads\/2020\/12\/Logo-CROA.jpg 371w, http:\/\/cg-architecte.fr\/wp-content\/uploads\/2020\/12\/Logo-CROA-300x85.jpg 300w\" sizes=\"(max-width: 371px) 100vw, 371px\" \/><\/a><\/figure>\n<\/div>\n\n\n\n<div class=\"wp-block-column\">\n<figure class=\"wp-block-image size-large\"><a href=\"https:\/\/www.faire.gouv.fr\/aides-de-financement\" target=\"_blank\" rel=\"noopener\"><img loading=\"lazy\" width=\"269\" height=\"123\" src=\"http:\/\/cg-architecte.fr\/wp-content\/uploads\/2020\/12\/Logo-ADEME.jpg\" alt=\"https:\/\/www.faire.gouv.fr\/aides-de-financement\" class=\"wp-image-782\"\/><\/a><\/figure>\n<\/div>\n\n\n\n<div class=\"wp-block-column\">\n<figure class=\"wp-block-image size-large\"><a href=\"https:\/\/www.alec-rennes.org\/\" target=\"_blank\" rel=\"noopener\"><img loading=\"lazy\" width=\"148\" height=\"142\" src=\"http:\/\/cg-architecte.fr\/wp-content\/uploads\/2020\/12\/Logo-ALEC.jpg\" alt=\"https:\/\/www.alec-rennes.org\/\" class=\"wp-image-797\"\/><\/a><\/figure>\n<\/div>\n<\/div>\n\n\n\n<h2>Liens des partenaires<\/h2>\n\n\n\n<div class=\"wp-block-columns\">\n<div class=\"wp-block-column\">\n<figure class=\"wp-block-image size-large\"><a href=\"https:\/\/www.houzz.fr\/professionnels\/architecte\/carole-groulet-architecte-dplg-pfvwfr-pf~406251843\" target=\"_blank\" rel=\"noopener\"><img loading=\"lazy\" width=\"123\" height=\"37\" src=\"http:\/\/cg-architecte.fr\/wp-content\/uploads\/2020\/12\/Logo-HOUZZ.jpg\" alt=\"https:\/\/www.houzz.fr\/professionnels\/architecte\/carole-groulet-architecte-dplg-pfvwfr-pf~406251843\" class=\"wp-image-796\"\/><\/a><\/figure>\n<\/div>\n\n\n\n<div class=\"wp-block-column\">\n<figure class=\"wp-block-image size-large\"><a href=\"https:\/\/www.architectes-pour-tous.fr\/architectes-pour-tous\/carole-groulet-architecte\" target=\"_blank\" rel=\"noopener\"><img loading=\"lazy\" width=\"190\" height=\"72\" src=\"http:\/\/cg-architecte.fr\/wp-content\/uploads\/2020\/12\/Logo-architecte-pour-tous.jpg\" alt=\"site officiel architecte pour tous\" class=\"wp-image-751\"\/><\/a><\/figure>\n<\/div>\n\n\n\n<div class=\"wp-block-column\">\n<figure class=\"wp-block-image size-large\"><a href=\"https:\/\/ecotravo.rennesmetropole.fr\/maison-individuelle-pour-qui-pour-quoi\/les-aides-financieres-2\/\" target=\"_blank\" rel=\"noopener\"><img loading=\"lazy\" width=\"182\" height=\"66\" src=\"http:\/\/cg-architecte.fr\/wp-content\/uploads\/2020\/12\/Logo-ecotravo.jpg\" alt=\"https:\/\/ecotravo.rennesmetropole.fr\/maison-individuelle-pour-qui-pour-quoi\/les-aides-financieres-2\/\" class=\"wp-image-757\"\/><\/a><\/figure>\n<\/div>\n<\/div>\n","protected":false},"excerpt":{"rendered":"<p>Vous pouvez me retrouver ici et l\u00e0, et retrouver des informations r\u00e9glementaires sur la construction et les aides financi\u00e8res \u00e0 la r\u00e9novation :\u00a0 Liens de institutionnels Liens des partenaires<\/p>\n","protected":false},"author":1,"featured_media":0,"parent":0,"menu_order":0,"comment_status":"closed","ping_status":"closed","template":"","meta":[],"_links":{"self":[{"href":"http:\/\/cg-architecte.fr\/index.php\/wp-json\/wp\/v2\/pages\/807"}],"collection":[{"href":"http:\/\/cg-architecte.fr\/index.php\/wp-json\/wp\/v2\/pages"}],"about":[{"href":"http:\/\/cg-architecte.fr\/index.php\/wp-json\/wp\/v2\/types\/page"}],"author":[{"embeddable":true,"href":"http:\/\/cg-architecte.fr\/index.php\/wp-json\/wp\/v2\/users\/1"}],"replies":[{"embeddable":true,"href":"http:\/\/cg-architecte.fr\/index.php\/wp-json\/wp\/v2\/comments?post=807"}],"version-history":[{"count":9,"href":"http:\/\/cg-architecte.fr\/index.php\/wp-json\/wp\/v2\/pages\/807\/revisions"}],"predecessor-version":[{"id":819,"href":"http:\/\/cg-architecte.fr\/index.php\/wp-json\/wp\/v2\/pages\/807\/revisions\/819"}],"wp:attachment":[{"href":"http:\/\/cg-architecte.fr\/index.php\/wp-json\/wp\/v2\/media?parent=807"}],"curies":[{"name":"wp","href":"https:\/\/api.w.org\/{rel}","templated":true}]}}