{"id":226,"date":"2020-02-26T11:39:19","date_gmt":"2020-02-26T10:39:19","guid":{"rendered":"http:\/\/cg-architecte.fr\/?page_id=226"},"modified":"2020-12-14T15:54:20","modified_gmt":"2020-12-14T14:54:20","slug":"contact","status":"publish","type":"page","link":"http:\/\/cg-architecte.fr\/index.php\/contact\/","title":{"rendered":"Contact"},"content":{"rendered":"\n<p>Nous vivons et travaillons dans des rythmes, des environnements et des habitats diff\u00e9rents, nos histoires et nos sensibilit\u00e9s sont propres \u00e0 chacun\u00b7e, pour ces raisons, votre projet sera une histoire unique. Cette histoire s&rsquo;ancre dans un territoire d\u00e9fini, connu et accessible.<\/p>\n\n\n\n<div style=\"height:20px\" aria-hidden=\"true\" class=\"wp-block-spacer\"><\/div>\n\n\n\n<p class=\"has-normal-font-size\">Pour un premier contact, n\u2019h\u00e9sitez pas \u00e0 m&rsquo;appeler ou \u00e0 m\u2019envoyer un mail explicitant bri\u00e8vement votre projet, en me pr\u00e9cisant vos coordonn\u00e9es, afin de convenir d\u2019un rendez-vous. Du lundi au vendredi :<\/p>\n\n\n\n<div style=\"height:20px\" aria-hidden=\"true\" class=\"wp-block-spacer\"><\/div>\n\n\n\n<p class=\"has-normal-font-size\">Carole Groulet Architecte &#8211; RENNES<\/p>\n\n\n\n<figure class=\"wp-block-image size-large is-resized\"><a href=\"tel:+33952271405\"><img loading=\"lazy\" src=\"http:\/\/cg-architecte.fr\/wp-content\/uploads\/2020\/12\/Contact-tel.jpg\" alt=\"\" class=\"wp-image-720\" width=\"153\" height=\"23\" srcset=\"http:\/\/cg-architecte.fr\/wp-content\/uploads\/2020\/12\/Contact-tel.jpg 521w, http:\/\/cg-architecte.fr\/wp-content\/uploads\/2020\/12\/Contact-tel-300x45.jpg 300w\" sizes=\"(max-width: 153px) 100vw, 153px\" \/><\/a><\/figure>\n\n\n\n<figure class=\"wp-block-image size-large is-resized\"><a href=\"mailto:cgroulet.architecte@gmail.com\"><img loading=\"lazy\" src=\"http:\/\/cg-architecte.fr\/wp-content\/uploads\/2020\/12\/Contact-mail.jpg\" alt=\"\" class=\"wp-image-722\" width=\"274\" height=\"22\" srcset=\"http:\/\/cg-architecte.fr\/wp-content\/uploads\/2020\/12\/Contact-mail.jpg 964w, http:\/\/cg-architecte.fr\/wp-content\/uploads\/2020\/12\/Contact-mail-300x25.jpg 300w, http:\/\/cg-architecte.fr\/wp-content\/uploads\/2020\/12\/Contact-mail-768x63.jpg 768w, http:\/\/cg-architecte.fr\/wp-content\/uploads\/2020\/12\/Contact-mail-806x66.jpg 806w, http:\/\/cg-architecte.fr\/wp-content\/uploads\/2020\/12\/Contact-mail-558x46.jpg 558w, http:\/\/cg-architecte.fr\/wp-content\/uploads\/2020\/12\/Contact-mail-655x54.jpg 655w\" sizes=\"(max-width: 274px) 100vw, 274px\" \/><\/a><\/figure>\n\n\n\n<p class=\"has-black-color has-text-color has-medium-font-size\"><\/p>\n\n\n\n<p><\/p>\n\n\n\n<p><\/p>\n","protected":false},"excerpt":{"rendered":"<p>Nous vivons et travaillons dans des rythmes, des environnements et des habitats diff\u00e9rents, nos histoires et nos sensibilit\u00e9s sont propres \u00e0 chacun\u00b7e, pour ces raisons, votre projet sera une histoire unique. Cette histoire s&rsquo;ancre dans un territoire d\u00e9fini, connu et accessible. Pour un premier contact, n\u2019h\u00e9sitez pas \u00e0 m&rsquo;appeler ou \u00e0 m\u2019envoyer un mail explicitant&hellip;<\/p>\n","protected":false},"author":1,"featured_media":0,"parent":0,"menu_order":0,"comment_status":"closed","ping_status":"closed","template":"","meta":[],"_links":{"self":[{"href":"http:\/\/cg-architecte.fr\/index.php\/wp-json\/wp\/v2\/pages\/226"}],"collection":[{"href":"http:\/\/cg-architecte.fr\/index.php\/wp-json\/wp\/v2\/pages"}],"about":[{"href":"http:\/\/cg-architecte.fr\/index.php\/wp-json\/wp\/v2\/types\/page"}],"author":[{"embeddable":true,"href":"http:\/\/cg-architecte.fr\/index.php\/wp-json\/wp\/v2\/users\/1"}],"replies":[{"embeddable":true,"href":"http:\/\/cg-architecte.fr\/index.php\/wp-json\/wp\/v2\/comments?post=226"}],"version-history":[{"count":34,"href":"http:\/\/cg-architecte.fr\/index.php\/wp-json\/wp\/v2\/pages\/226\/revisions"}],"predecessor-version":[{"id":765,"href":"http:\/\/cg-architecte.fr\/index.php\/wp-json\/wp\/v2\/pages\/226\/revisions\/765"}],"wp:attachment":[{"href":"http:\/\/cg-architecte.fr\/index.php\/wp-json\/wp\/v2\/media?parent=226"}],"curies":[{"name":"wp","href":"https:\/\/api.w.org\/{rel}","templated":true}]}}